{"id":46250,"date":"2023-04-22T14:36:01","date_gmt":"2023-04-22T11:36:01","guid":{"rendered":"https:\/\/jazzkaar.ee\/pood\/jazzkaare-kott-2023\/"},"modified":"2023-04-22T20:14:07","modified_gmt":"2023-04-22T17:14:07","slug":"jazzkaare-bag-2023","status":"publish","type":"product","link":"https:\/\/www.jazzkaar.ee\/en\/pood\/jazzkaare-bag-2023\/","title":{"rendered":"Jazzkaar 2023 tote bag"},"content":{"rendered":"<p>Jazzkaar tote bag for all you need to carry. Perfect fit for LP&#8217;s!<\/p>\n","protected":false},"excerpt":{"rendered":"<p>Jazzkaare kotti mahub k\u00f5ik vajalik, mida on suurep\u00e4raseks festivalip\u00e4evaks tarvis. K\u00f5ige paremini sobivad kotti t\u00e4itma jazzipeo esinejate v\u00e4rsked plaadid!<\/p>\n","protected":false},"author":14,"featured_media":45978,"template":"","meta":{"_acf_changed":false},"product_brand":[],"product_cat":[3047],"product_tag":[],"class_list":{"0":"post-46250","1":"product","2":"type-product","3":"status-publish","4":"has-post-thumbnail","6":"product_cat-merchandise","8":"first","9":"instock","10":"taxable","11":"shipping-taxable","12":"purchasable","13":"product-type-variable"},"acf":{"is_new":false,"link_with_event":false},"yoast_head":"<!-- This site is optimized with the Yoast SEO plugin v27.3 - https:\/\/yoast.com\/product\/yoast-seo-wordpress\/ -->\n<title>Jazzkaar 2023 tote bag - Festival Jazzkaar<\/title>\n<meta name=\"robots\" content=\"index, follow, max-snippet:-1, max-image-preview:large, max-video-preview:-1\" \/>\n<link rel=\"canonical\" href=\"https:\/\/www.jazzkaar.ee\/en\/pood\/jazzkaare-bag-2023\/\" \/>\n<meta property=\"og:locale\" content=\"en_US\" \/>\n<meta property=\"og:type\" content=\"article\" \/>\n<meta property=\"og:title\" content=\"Jazzkaar 2023 tote bag - Festival Jazzkaar\" \/>\n<meta property=\"og:description\" content=\"Jazzkaare kotti mahub k\u00f5ik vajalik, mida on suurep\u00e4raseks festivalip\u00e4evaks tarvis. K\u00f5ige paremini sobivad kotti t\u00e4itma jazzipeo esinejate v\u00e4rsked plaadid!\" \/>\n<meta property=\"og:url\" content=\"https:\/\/www.jazzkaar.ee\/en\/pood\/jazzkaare-bag-2023\/\" \/>\n<meta property=\"og:site_name\" content=\"Festival Jazzkaar\" \/>\n<meta property=\"article:modified_time\" content=\"2023-04-22T17:14:07+00:00\" \/>\n<meta property=\"og:image\" content=\"https:\/\/jazzkaar.ee\/wp-content\/uploads\/2023\/04\/jazzkaar_kotid_2023-1-e1682167030852.jpg\" \/>\n\t<meta property=\"og:image:width\" content=\"996\" \/>\n\t<meta property=\"og:image:height\" content=\"945\" \/>\n\t<meta property=\"og:image:type\" content=\"image\/jpeg\" \/>\n<meta name=\"twitter:card\" content=\"summary_large_image\" \/>\n<script type=\"application\/ld+json\" class=\"yoast-schema-graph\">{\"@context\":\"https:\\\/\\\/schema.org\",\"@graph\":[{\"@type\":\"WebPage\",\"@id\":\"https:\\\/\\\/www.jazzkaar.ee\\\/en\\\/pood\\\/jazzkaare-bag-2023\\\/\",\"url\":\"https:\\\/\\\/www.jazzkaar.ee\\\/en\\\/pood\\\/jazzkaare-bag-2023\\\/\",\"name\":\"Jazzkaar 2023 tote bag - Festival Jazzkaar\",\"isPartOf\":{\"@id\":\"https:\\\/\\\/www.jazzkaar.ee\\\/en\\\/#website\"},\"primaryImageOfPage\":{\"@id\":\"https:\\\/\\\/www.jazzkaar.ee\\\/en\\\/pood\\\/jazzkaare-bag-2023\\\/#primaryimage\"},\"image\":{\"@id\":\"https:\\\/\\\/www.jazzkaar.ee\\\/en\\\/pood\\\/jazzkaare-bag-2023\\\/#primaryimage\"},\"thumbnailUrl\":\"https:\\\/\\\/jazzkaar.ee\\\/wp-content\\\/uploads\\\/2023\\\/04\\\/jazzkaar_kotid_2023-1-e1682167030852.jpg\",\"datePublished\":\"2023-04-22T11:36:01+00:00\",\"dateModified\":\"2023-04-22T17:14:07+00:00\",\"breadcrumb\":{\"@id\":\"https:\\\/\\\/www.jazzkaar.ee\\\/en\\\/pood\\\/jazzkaare-bag-2023\\\/#breadcrumb\"},\"inLanguage\":\"en-US\",\"potentialAction\":[{\"@type\":\"ReadAction\",\"target\":[\"https:\\\/\\\/www.jazzkaar.ee\\\/en\\\/pood\\\/jazzkaare-bag-2023\\\/\"]}]},{\"@type\":\"ImageObject\",\"inLanguage\":\"en-US\",\"@id\":\"https:\\\/\\\/www.jazzkaar.ee\\\/en\\\/pood\\\/jazzkaare-bag-2023\\\/#primaryimage\",\"url\":\"https:\\\/\\\/jazzkaar.ee\\\/wp-content\\\/uploads\\\/2023\\\/04\\\/jazzkaar_kotid_2023-1-e1682167030852.jpg\",\"contentUrl\":\"https:\\\/\\\/jazzkaar.ee\\\/wp-content\\\/uploads\\\/2023\\\/04\\\/jazzkaar_kotid_2023-1-e1682167030852.jpg\",\"width\":996,\"height\":945},{\"@type\":\"BreadcrumbList\",\"@id\":\"https:\\\/\\\/www.jazzkaar.ee\\\/en\\\/pood\\\/jazzkaare-bag-2023\\\/#breadcrumb\",\"itemListElement\":[{\"@type\":\"ListItem\",\"position\":1,\"name\":\"Home\",\"item\":\"https:\\\/\\\/www.jazzkaar.ee\\\/en\\\/\"},{\"@type\":\"ListItem\",\"position\":2,\"name\":\"Shop\",\"item\":\"https:\\\/\\\/jazzkaar.ee\\\/en\\\/shop\\\/\"},{\"@type\":\"ListItem\",\"position\":3,\"name\":\"Jazzkaar 2023 tote bag\"}]},{\"@type\":\"WebSite\",\"@id\":\"https:\\\/\\\/www.jazzkaar.ee\\\/en\\\/#website\",\"url\":\"https:\\\/\\\/www.jazzkaar.ee\\\/en\\\/\",\"name\":\"Festival Jazzkaar\",\"description\":\"\",\"publisher\":{\"@id\":\"https:\\\/\\\/www.jazzkaar.ee\\\/en\\\/#organization\"},\"potentialAction\":[{\"@type\":\"SearchAction\",\"target\":{\"@type\":\"EntryPoint\",\"urlTemplate\":\"https:\\\/\\\/www.jazzkaar.ee\\\/en\\\/?s={search_term_string}\"},\"query-input\":{\"@type\":\"PropertyValueSpecification\",\"valueRequired\":true,\"valueName\":\"search_term_string\"}}],\"inLanguage\":\"en-US\"},{\"@type\":\"Organization\",\"@id\":\"https:\\\/\\\/www.jazzkaar.ee\\\/en\\\/#organization\",\"name\":\"Festival Jazzkaar\",\"url\":\"https:\\\/\\\/www.jazzkaar.ee\\\/en\\\/\",\"logo\":{\"@type\":\"ImageObject\",\"inLanguage\":\"en-US\",\"@id\":\"https:\\\/\\\/www.jazzkaar.ee\\\/en\\\/#\\\/schema\\\/logo\\\/image\\\/\",\"url\":\"https:\\\/\\\/jazzkaar.ee\\\/wp-content\\\/uploads\\\/2022\\\/10\\\/Screenshot-2022-10-05-at-11.22.31.png\",\"contentUrl\":\"https:\\\/\\\/jazzkaar.ee\\\/wp-content\\\/uploads\\\/2022\\\/10\\\/Screenshot-2022-10-05-at-11.22.31.png\",\"width\":1210,\"height\":664,\"caption\":\"Festival Jazzkaar\"},\"image\":{\"@id\":\"https:\\\/\\\/www.jazzkaar.ee\\\/en\\\/#\\\/schema\\\/logo\\\/image\\\/\"}}]}<\/script>\n<!-- \/ Yoast SEO plugin. -->","yoast_head_json":{"title":"Jazzkaar 2023 tote bag - Festival Jazzkaar","robots":{"index":"index","follow":"follow","max-snippet":"max-snippet:-1","max-image-preview":"max-image-preview:large","max-video-preview":"max-video-preview:-1"},"canonical":"https:\/\/www.jazzkaar.ee\/en\/pood\/jazzkaare-bag-2023\/","og_locale":"en_US","og_type":"article","og_title":"Jazzkaar 2023 tote bag - Festival Jazzkaar","og_description":"Jazzkaare kotti mahub k\u00f5ik vajalik, mida on suurep\u00e4raseks festivalip\u00e4evaks tarvis. K\u00f5ige paremini sobivad kotti t\u00e4itma jazzipeo esinejate v\u00e4rsked plaadid!","og_url":"https:\/\/www.jazzkaar.ee\/en\/pood\/jazzkaare-bag-2023\/","og_site_name":"Festival Jazzkaar","article_modified_time":"2023-04-22T17:14:07+00:00","og_image":[{"width":996,"height":945,"url":"https:\/\/jazzkaar.ee\/wp-content\/uploads\/2023\/04\/jazzkaar_kotid_2023-1-e1682167030852.jpg","type":"image\/jpeg"}],"twitter_card":"summary_large_image","schema":{"@context":"https:\/\/schema.org","@graph":[{"@type":"WebPage","@id":"https:\/\/www.jazzkaar.ee\/en\/pood\/jazzkaare-bag-2023\/","url":"https:\/\/www.jazzkaar.ee\/en\/pood\/jazzkaare-bag-2023\/","name":"Jazzkaar 2023 tote bag - Festival Jazzkaar","isPartOf":{"@id":"https:\/\/www.jazzkaar.ee\/en\/#website"},"primaryImageOfPage":{"@id":"https:\/\/www.jazzkaar.ee\/en\/pood\/jazzkaare-bag-2023\/#primaryimage"},"image":{"@id":"https:\/\/www.jazzkaar.ee\/en\/pood\/jazzkaare-bag-2023\/#primaryimage"},"thumbnailUrl":"https:\/\/jazzkaar.ee\/wp-content\/uploads\/2023\/04\/jazzkaar_kotid_2023-1-e1682167030852.jpg","datePublished":"2023-04-22T11:36:01+00:00","dateModified":"2023-04-22T17:14:07+00:00","breadcrumb":{"@id":"https:\/\/www.jazzkaar.ee\/en\/pood\/jazzkaare-bag-2023\/#breadcrumb"},"inLanguage":"en-US","potentialAction":[{"@type":"ReadAction","target":["https:\/\/www.jazzkaar.ee\/en\/pood\/jazzkaare-bag-2023\/"]}]},{"@type":"ImageObject","inLanguage":"en-US","@id":"https:\/\/www.jazzkaar.ee\/en\/pood\/jazzkaare-bag-2023\/#primaryimage","url":"https:\/\/jazzkaar.ee\/wp-content\/uploads\/2023\/04\/jazzkaar_kotid_2023-1-e1682167030852.jpg","contentUrl":"https:\/\/jazzkaar.ee\/wp-content\/uploads\/2023\/04\/jazzkaar_kotid_2023-1-e1682167030852.jpg","width":996,"height":945},{"@type":"BreadcrumbList","@id":"https:\/\/www.jazzkaar.ee\/en\/pood\/jazzkaare-bag-2023\/#breadcrumb","itemListElement":[{"@type":"ListItem","position":1,"name":"Home","item":"https:\/\/www.jazzkaar.ee\/en\/"},{"@type":"ListItem","position":2,"name":"Shop","item":"https:\/\/jazzkaar.ee\/en\/shop\/"},{"@type":"ListItem","position":3,"name":"Jazzkaar 2023 tote bag"}]},{"@type":"WebSite","@id":"https:\/\/www.jazzkaar.ee\/en\/#website","url":"https:\/\/www.jazzkaar.ee\/en\/","name":"Festival Jazzkaar","description":"","publisher":{"@id":"https:\/\/www.jazzkaar.ee\/en\/#organization"},"potentialAction":[{"@type":"SearchAction","target":{"@type":"EntryPoint","urlTemplate":"https:\/\/www.jazzkaar.ee\/en\/?s={search_term_string}"},"query-input":{"@type":"PropertyValueSpecification","valueRequired":true,"valueName":"search_term_string"}}],"inLanguage":"en-US"},{"@type":"Organization","@id":"https:\/\/www.jazzkaar.ee\/en\/#organization","name":"Festival Jazzkaar","url":"https:\/\/www.jazzkaar.ee\/en\/","logo":{"@type":"ImageObject","inLanguage":"en-US","@id":"https:\/\/www.jazzkaar.ee\/en\/#\/schema\/logo\/image\/","url":"https:\/\/jazzkaar.ee\/wp-content\/uploads\/2022\/10\/Screenshot-2022-10-05-at-11.22.31.png","contentUrl":"https:\/\/jazzkaar.ee\/wp-content\/uploads\/2022\/10\/Screenshot-2022-10-05-at-11.22.31.png","width":1210,"height":664,"caption":"Festival Jazzkaar"},"image":{"@id":"https:\/\/www.jazzkaar.ee\/en\/#\/schema\/logo\/image\/"}}]}},"_links":{"self":[{"href":"https:\/\/www.jazzkaar.ee\/en\/wp-json\/wp\/v2\/product\/46250","targetHints":{"allow":["GET"]}}],"collection":[{"href":"https:\/\/www.jazzkaar.ee\/en\/wp-json\/wp\/v2\/product"}],"about":[{"href":"https:\/\/www.jazzkaar.ee\/en\/wp-json\/wp\/v2\/types\/product"}],"author":[{"embeddable":true,"href":"https:\/\/www.jazzkaar.ee\/en\/wp-json\/wp\/v2\/users\/14"}],"wp:featuredmedia":[{"embeddable":true,"href":"https:\/\/www.jazzkaar.ee\/en\/wp-json\/wp\/v2\/media\/45978"}],"wp:attachment":[{"href":"https:\/\/www.jazzkaar.ee\/en\/wp-json\/wp\/v2\/media?parent=46250"}],"wp:term":[{"taxonomy":"product_brand","embeddable":true,"href":"https:\/\/www.jazzkaar.ee\/en\/wp-json\/wp\/v2\/product_brand?post=46250"},{"taxonomy":"product_cat","embeddable":true,"href":"https:\/\/www.jazzkaar.ee\/en\/wp-json\/wp\/v2\/product_cat?post=46250"},{"taxonomy":"product_tag","embeddable":true,"href":"https:\/\/www.jazzkaar.ee\/en\/wp-json\/wp\/v2\/product_tag?post=46250"}],"curies":[{"name":"wp","href":"https:\/\/api.w.org\/{rel}","templated":true}]}}